{"id":2723,"date":"2026-04-10T18:41:26","date_gmt":"2026-04-10T18:41:26","guid":{"rendered":"https:\/\/wallersheim.duckdns.org\/?page_id=2723"},"modified":"2026-04-10T19:01:14","modified_gmt":"2026-04-10T19:01:14","slug":"wallersheimer-nsdap-mitglieder-der-ortsgruppe-wallersheim","status":"publish","type":"page","link":"https:\/\/wallersheim.duckdns.org\/?page_id=2723","title":{"rendered":"NSDAP-Mitglieder der Ortsgruppe Wallersheim"},"content":{"rendered":"<a href=\"https:\/\/www.wallersheim.org\/wp-content\/uploads\/2026\/04\/NSDAP-Mitglieder_Ortsgruppe-Wallersheim.pdf\" class=\"pdfemb-viewer\" style=\"\" data-width=\"max\" data-height=\"max\" data-toolbar=\"bottom\" data-toolbar-fixed=\"off\">NSDAP-Mitglieder_Ortsgruppe-Wallersheim<\/a>\n<p>Quelle:\u00a0 <a href=\"https:\/\/catalog.archives.gov\/id\/12044361\" target=\"_blank\" rel=\"noopener\">NSDAP-Mitgliedschaften_NARA-Archiv<\/a><\/p>\n<p dir=\"auto\">Diese Liste basiert auf den digitalisierten Mikrofilmen der NSDAP-Mitgliederkartei (Ortsgruppenkartei) aus dem US-Nationalarchiv (NARA), Record Group 242, Microfilm Publication A3340. Originale im Bundesarchiv Berlin. Die \u00fcberlieferten Unterlagen sind unvollst\u00e4ndig (Kriegsverluste, gezielte Vernichtung von Akten). Fehlende Eintr\u00e4ge bedeuten nicht zwangsl\u00e4ufig, dass eine Person kein Mitglied war. Die Ver\u00f6ffentlichung dient ausschlie\u00dflich der historischen Aufarbeitung und Forschung. Eine Mitgliedschaft in der NSDAP sagt nichts \u00fcber pers\u00f6nliche \u00dcberzeugungen aus (Zwangsbeitritte, opportunistische Gr\u00fcnde etc. waren h\u00e4ufig). Die Liste dient nicht der Diffamierung lebender Personen oder ihrer Nachkommen.<\/p>\n<p dir=\"auto\">Bei berechtigten Anliegen (z. B. L\u00f6schung eines Eintrags aus pers\u00f6nlichkeitsrechtlichen Gr\u00fcnden) kontaktieren Sie uns bitte.<\/p>\n","protected":false},"excerpt":{"rendered":"<p>Quelle:\u00a0 NSDAP-Mitgliedschaften_NARA-Archiv Diese Liste basiert auf den digitalisierten Mikrofilmen der NSDAP-Mitgliederkartei (Ortsgruppenkartei) aus dem US-Nationalarchiv (NARA), Record Group 242, Microfilm Publication A3340. [&hellip;]<\/p>\n","protected":false},"author":1,"featured_media":0,"parent":0,"menu_order":0,"comment_status":"closed","ping_status":"closed","template":"page-templates\/page_fullwidth.php","meta":{"om_disable_all_campaigns":false,"_monsterinsights_skip_tracking":false,"_monsterinsights_sitenote_active":false,"_monsterinsights_sitenote_note":"","_monsterinsights_sitenote_category":0,"_uf_show_specific_survey":0,"_uf_disable_surveys":false,"footnotes":""},"class_list":["post-2723","page","type-page","status-publish","hentry"],"aioseo_notices":[],"_links":{"self":[{"href":"https:\/\/wallersheim.duckdns.org\/index.php?rest_route=\/wp\/v2\/pages\/2723","targetHints":{"allow":["GET"]}}],"collection":[{"href":"https:\/\/wallersheim.duckdns.org\/index.php?rest_route=\/wp\/v2\/pages"}],"about":[{"href":"https:\/\/wallersheim.duckdns.org\/index.php?rest_route=\/wp\/v2\/types\/page"}],"author":[{"embeddable":true,"href":"https:\/\/wallersheim.duckdns.org\/index.php?rest_route=\/wp\/v2\/users\/1"}],"replies":[{"embeddable":true,"href":"https:\/\/wallersheim.duckdns.org\/index.php?rest_route=%2Fwp%2Fv2%2Fcomments&post=2723"}],"version-history":[{"count":6,"href":"https:\/\/wallersheim.duckdns.org\/index.php?rest_route=\/wp\/v2\/pages\/2723\/revisions"}],"predecessor-version":[{"id":2732,"href":"https:\/\/wallersheim.duckdns.org\/index.php?rest_route=\/wp\/v2\/pages\/2723\/revisions\/2732"}],"wp:attachment":[{"href":"https:\/\/wallersheim.duckdns.org\/index.php?rest_route=%2Fwp%2Fv2%2Fmedia&parent=2723"}],"curies":[{"name":"wp","href":"https:\/\/api.w.org\/{rel}","templated":true}]}}